{"id":1575,"date":"2020-11-17T15:10:04","date_gmt":"2020-11-17T15:10:04","guid":{"rendered":"http:\/\/www.grafas.org\/demo04\/?page_id=1575"},"modified":"2026-01-13T21:53:18","modified_gmt":"2026-01-13T21:53:18","slug":"about","status":"publish","type":"page","link":"https:\/\/jobyswipe.com\/ar\/about\/","title":{"rendered":"\u00c0 Propos de Nous"},"content":{"rendered":"<div data-elementor-type=\"wp-page\" data-elementor-id=\"1575\" class=\"elementor elementor-1575\">\n\t\t\t\t\t\t<section class=\"elementor-section elementor-top-section elementor-element elementor-element-363c1e27 elementor-section-full_width elementor-section-height-default elementor-section-height-default\" data-id=\"363c1e27\" data-element_type=\"section\">\n\t\t\t\t\t\t<div class=\"elementor-container elementor-column-gap-default\">\n\t\t\t\t\t<div class=\"elementor-column elementor-col-100 elementor-top-column elementor-element elementor-element-69e9cd3f\" data-id=\"69e9cd3f\" data-element_type=\"column\" data-settings=\"{&quot;background_background&quot;:&quot;classic&quot;}\">\n\t\t\t<div class=\"elementor-widget-wrap elementor-element-populated\">\n\t\t\t\t\t<div class=\"elementor-background-overlay\"><\/div>\n\t\t\t\t\t\t<div class=\"elementor-element elementor-element-6499f21e elementor-widget elementor-widget-spacer\" data-id=\"6499f21e\" data-element_type=\"widget\" data-widget_type=\"spacer.default\">\n\t\t\t\t<div class=\"elementor-widget-container\">\n\t\t\t\t\t\t\t<div class=\"elementor-spacer\">\n\t\t\t<div class=\"elementor-spacer-inner\"><\/div>\n\t\t<\/div>\n\t\t\t\t\t\t<\/div>\n\t\t\t\t<\/div>\n\t\t\t\t<section class=\"elementor-section elementor-inner-section elementor-element elementor-element-f6067a0 elementor-section-boxed elementor-section-height-default elementor-section-height-default\" data-id=\"f6067a0\" data-element_type=\"section\">\n\t\t\t\t\t\t<div class=\"elementor-container elementor-column-gap-default\">\n\t\t\t\t\t<div class=\"elementor-column elementor-col-50 elementor-inner-column elementor-element elementor-element-d0f659c elementor-hidden-tablet elementor-hidden-phone\" data-id=\"d0f659c\" data-element_type=\"column\">\n\t\t\t<div class=\"elementor-widget-wrap\">\n\t\t\t\t\t\t\t<\/div>\n\t\t<\/div>\n\t\t\t\t<div class=\"elementor-column elementor-col-50 elementor-inner-column elementor-element elementor-element-c643472\" data-id=\"c643472\" data-element_type=\"column\">\n\t\t\t<div class=\"elementor-widget-wrap elementor-element-populated\">\n\t\t\t\t\t\t<div class=\"elementor-element elementor-element-ba2937b elementor-widget elementor-widget-heading\" data-id=\"ba2937b\" data-element_type=\"widget\" data-widget_type=\"heading.default\">\n\t\t\t\t<div class=\"elementor-widget-container\">\n\t\t\t\t\t<span class=\"elementor-heading-title elementor-size-default\"> L\u2019HISTOIRE DE SMA\u00cfL &amp; JOBYSWIPE<\/span>\t\t\t\t<\/div>\n\t\t\t\t<\/div>\n\t\t\t\t<div class=\"elementor-element elementor-element-184968d elementor-widget elementor-widget-heading\" data-id=\"184968d\" data-element_type=\"widget\" data-widget_type=\"heading.default\">\n\t\t\t\t<div class=\"elementor-widget-container\">\n\t\t\t\t\t<h1 class=\"elementor-heading-title elementor-size-default\">QUI SOMMES-NOUS<\/h1>\t\t\t\t<\/div>\n\t\t\t\t<\/div>\n\t\t\t\t\t<\/div>\n\t\t<\/div>\n\t\t\t\t\t<\/div>\n\t\t<\/section>\n\t\t\t\t\t<\/div>\n\t\t<\/div>\n\t\t\t\t\t<\/div>\n\t\t<\/section>\n\t\t\t\t<section class=\"elementor-section elementor-top-section elementor-element elementor-element-549729a7 elementor-section-boxed elementor-section-height-default elementor-section-height-default\" data-id=\"549729a7\" data-element_type=\"section\" data-settings=\"{&quot;background_background&quot;:&quot;classic&quot;}\">\n\t\t\t\t\t\t<div class=\"elementor-container elementor-column-gap-default\">\n\t\t\t\t\t<div class=\"elementor-column elementor-col-50 elementor-top-column elementor-element elementor-element-2f89ff5c\" data-id=\"2f89ff5c\" data-element_type=\"column\">\n\t\t\t<div class=\"elementor-widget-wrap elementor-element-populated\">\n\t\t\t\t\t\t<div class=\"elementor-element elementor-element-21fddf72 elementor-widget elementor-widget-image\" data-id=\"21fddf72\" data-element_type=\"widget\" data-widget_type=\"image.default\">\n\t\t\t\t<div class=\"elementor-widget-container\">\n\t\t\t\t\t\t\t\t\t\t\t\t\t\t\t<img fetchpriority=\"high\" decoding=\"async\" width=\"1024\" height=\"1024\" src=\"https:\/\/jobyswipe.com\/wp-content\/uploads\/2025\/10\/photo_2025-10-27_11-40-50-1.jpg\" class=\"attachment-full size-full wp-image-2347\" alt=\"photo 2025 10 27 11 40 50\" srcset=\"https:\/\/jobyswipe.com\/wp-content\/uploads\/2025\/10\/photo_2025-10-27_11-40-50-1.jpg 1024w, https:\/\/jobyswipe.com\/wp-content\/uploads\/2025\/10\/photo_2025-10-27_11-40-50-1-300x300.jpg 300w, https:\/\/jobyswipe.com\/wp-content\/uploads\/2025\/10\/photo_2025-10-27_11-40-50-1-150x150.jpg 150w, https:\/\/jobyswipe.com\/wp-content\/uploads\/2025\/10\/photo_2025-10-27_11-40-50-1-768x768.jpg 768w, https:\/\/jobyswipe.com\/wp-content\/uploads\/2025\/10\/photo_2025-10-27_11-40-50-1-600x600.jpg 600w, https:\/\/jobyswipe.com\/wp-content\/uploads\/2025\/10\/photo_2025-10-27_11-40-50-1-100x100.jpg 100w, https:\/\/jobyswipe.com\/wp-content\/uploads\/2025\/10\/elementor\/thumbs\/photo_2025-10-27_11-40-50-1-rdtlm9yylv5gh90br79dzkq92kalc3zo0axzwaamds.jpg 200w\" sizes=\"(max-width: 1024px) 100vw, 1024px\" title=\"\u00c0 Propos de Nous\">\t\t\t\t\t\t\t\t\t\t\t\t\t\t\t<\/div>\n\t\t\t\t<\/div>\n\t\t\t\t\t<\/div>\n\t\t<\/div>\n\t\t\t\t<div class=\"elementor-column elementor-col-50 elementor-top-column elementor-element elementor-element-385a429\" data-id=\"385a429\" data-element_type=\"column\">\n\t\t\t<div class=\"elementor-widget-wrap elementor-element-populated\">\n\t\t\t\t\t\t<section class=\"elementor-section elementor-inner-section elementor-element elementor-element-251ed17 elementor-section-boxed elementor-section-height-default elementor-section-height-default\" data-id=\"251ed17\" data-element_type=\"section\" data-settings=\"{&quot;background_background&quot;:&quot;classic&quot;}\">\n\t\t\t\t\t\t<div class=\"elementor-container elementor-column-gap-default\">\n\t\t\t\t\t<div class=\"elementor-column elementor-col-100 elementor-inner-column elementor-element elementor-element-43a13bad\" data-id=\"43a13bad\" data-element_type=\"column\">\n\t\t\t<div class=\"elementor-widget-wrap elementor-element-populated\">\n\t\t\t\t\t\t<div class=\"elementor-element elementor-element-10db5a3e elementor-widget elementor-widget-heading\" data-id=\"10db5a3e\" data-element_type=\"widget\" data-widget_type=\"heading.default\">\n\t\t\t\t<div class=\"elementor-widget-container\">\n\t\t\t\t\t<h3 class=\"elementor-heading-title elementor-size-default\">Une mission n\u00e9e d\u2019un constat simple mais urgent<\/h3>\t\t\t\t<\/div>\n\t\t\t\t<\/div>\n\t\t\t\t<div class=\"elementor-element elementor-element-5e7e3110 elementor-widget elementor-widget-text-editor\" data-id=\"5e7e3110\" data-element_type=\"widget\" data-widget_type=\"text-editor.default\">\n\t\t\t\t<div class=\"elementor-widget-container\">\n\t\t\t\t\t\t\t\t\t<p>Le march\u00e9 de l\u2019emploi au Maroc et dans le monde traverse une <strong data-entity-type=\"MessageEntityBold\">transformation profonde<\/strong>.<br \/>Chaque jour, des milliers de jeunes dipl\u00f4m\u00e9s, de femmes, de personnes en reconversion et de travailleurs qualifi\u00e9s peinent \u00e0 trouver une opportunit\u00e9 correspondant \u00e0 leurs comp\u00e9tences et \u00e0 leurs ambitions.<br \/>Dans le m\u00eame temps, de nombreuses entreprises \u2014 startups, PME ou grands groupes \u2014 peinent \u00e0 <strong data-entity-type=\"MessageEntityBold\">recruter efficacement<\/strong>, \u00e0 <strong data-entity-type=\"MessageEntityBold\">gagner du temps<\/strong>, et \u00e0 <strong data-entity-type=\"MessageEntityBold\">trouver des profils fiables et motiv\u00e9s<\/strong>.<br \/><br \/>C\u2019est de ce constat qu\u2019est n\u00e9e la vision de <strong data-entity-type=\"MessageEntityBold\">Sma\u00efl<\/strong>, entrepreneur marocain passionn\u00e9 par l\u2019innovation et profond\u00e9ment attach\u00e9 au <strong data-entity-type=\"MessageEntityBold\">d\u00e9veloppement du Royaume<\/strong>.<\/p>\t\t\t\t\t\t\t\t<\/div>\n\t\t\t\t<\/div>\n\t\t\t\t\t<\/div>\n\t\t<\/div>\n\t\t\t\t\t<\/div>\n\t\t<\/section>\n\t\t\t\t\t<\/div>\n\t\t<\/div>\n\t\t\t\t\t<\/div>\n\t\t<\/section>\n\t\t\t\t<section class=\"elementor-section elementor-top-section elementor-element elementor-element-8f77515 elementor-section-boxed elementor-section-height-default elementor-section-height-default\" data-id=\"8f77515\" data-element_type=\"section\" data-settings=\"{&quot;background_background&quot;:&quot;classic&quot;}\">\n\t\t\t\t\t\t<div class=\"elementor-container elementor-column-gap-default\">\n\t\t\t\t\t<div class=\"elementor-column elementor-col-50 elementor-top-column elementor-element elementor-element-40dab131\" data-id=\"40dab131\" data-element_type=\"column\">\n\t\t\t<div class=\"elementor-widget-wrap elementor-element-populated\">\n\t\t\t\t\t\t<div class=\"elementor-element elementor-element-2a1d2c5b elementor-widget elementor-widget-heading\" data-id=\"2a1d2c5b\" data-element_type=\"widget\" data-widget_type=\"heading.default\">\n\t\t\t\t<div class=\"elementor-widget-container\">\n\t\t\t\t\t<h2 class=\"elementor-heading-title elementor-size-default\">SMA\u00cfL \u2013 Un entrepreneur engag\u00e9 pour l\u2019avenir du Maroc<\/h2>\t\t\t\t<\/div>\n\t\t\t\t<\/div>\n\t\t\t\t<div class=\"elementor-element elementor-element-74c06405 elementor-widget elementor-widget-text-editor\" data-id=\"74c06405\" data-element_type=\"widget\" data-widget_type=\"text-editor.default\">\n\t\t\t\t<div class=\"elementor-widget-container\">\n\t\t\t\t\t\t\t\t\t<p>Sma\u00efl n\u2019est pas un simple cr\u00e9ateur d\u2019entreprise.<br \/>C\u2019est un <strong data-entity-type=\"MessageEntityBold\">visionnaire engag\u00e9<\/strong>, anim\u00e9 par la volont\u00e9 de <strong data-entity-type=\"MessageEntityBold\">cr\u00e9er un impact social et \u00e9conomique durable<\/strong>.<br \/>Convaincu que <strong data-entity-type=\"MessageEntityBold\">le v\u00e9ritable moteur du Maroc, c\u2019est son capital humain<\/strong>, il d\u00e9cide de fonder <strong data-entity-type=\"MessageEntityBold\">JobySwipe<\/strong>, une application qui <strong data-entity-type=\"MessageEntityBold\">met la technologie au service de l\u2019humain<\/strong>\u00a0et qui vise \u00e0 <strong data-entity-type=\"MessageEntityBold\">r\u00e9volutionner le secteur de l\u2019emploi<\/strong>.<\/p><p>Sa mission ?<\/p><ul><li>\u00a0<strong data-entity-type=\"MessageEntityBold\">Donner une chance \u00e0 chaque talent<\/strong>, quel que soit son parcours.<\/li><li>\u00a0<strong data-entity-type=\"MessageEntityBold\">Offrir de la visibilit\u00e9 \u00e0 ceux qu\u2019on ne voit pas.<\/strong><\/li><li>\u00a0<strong data-entity-type=\"MessageEntityBold\">Digitaliser l\u2019acc\u00e8s \u00e0 l\u2019emploi pour un Maroc plus juste et plus connect\u00e9.<\/strong><\/li><\/ul>\t\t\t\t\t\t\t\t<\/div>\n\t\t\t\t<\/div>\n\t\t\t\t\t<\/div>\n\t\t<\/div>\n\t\t\t\t<div class=\"elementor-column elementor-col-50 elementor-top-column elementor-element elementor-element-4a22232c\" data-id=\"4a22232c\" data-element_type=\"column\">\n\t\t\t<div class=\"elementor-widget-wrap elementor-element-populated\">\n\t\t\t\t\t\t<div class=\"elementor-element elementor-element-2928bf60 elementor-widget elementor-widget-heading\" data-id=\"2928bf60\" data-element_type=\"widget\" data-widget_type=\"heading.default\">\n\t\t\t\t<div class=\"elementor-widget-container\">\n\t\t\t\t\t<h3 class=\"elementor-heading-title elementor-size-default\">JOBYSWIPE \u2013 Quand la technologie rencontre l\u2019humain<\/h3>\t\t\t\t<\/div>\n\t\t\t\t<\/div>\n\t\t\t\t<div class=\"elementor-element elementor-element-6346ad4f elementor-widget elementor-widget-text-editor\" data-id=\"6346ad4f\" data-element_type=\"widget\" data-widget_type=\"text-editor.default\">\n\t\t\t\t<div class=\"elementor-widget-container\">\n\t\t\t\t\t\t\t\t\t<p><strong data-entity-type=\"MessageEntityBold\">JobySwipe<\/strong>\u00a0est une <strong data-entity-type=\"MessageEntityBold\">application mobile de mise en relation professionnelle<\/strong>\u00a0qui fonctionne sur le principe du <strong data-entity-type=\"MessageEntityBold\">matching intelligent<\/strong>\u00a0: un candidat et une entreprise peuvent se connecter en un simple \u201cswipe\u201d, selon leurs crit\u00e8res, leurs valeurs et leurs besoins.<br \/><br \/><img decoding=\"async\" class=\"emoji emoji-small opacity-transition slow shown open\" draggable=\"false\" src=\"https:\/\/web.telegram.org\/a\/img-apple-64\/1f449.png\" alt=\"\ud83d\udc49\" data-path=\".\/img-apple-64\/1f449.png\" title=\"\u00c0 Propos de Nous\">\u00a0Les <strong data-entity-type=\"MessageEntityBold\">candidats<\/strong>\u00a0cr\u00e9ent un profil moderne, simple et complet, valorisant leurs comp\u00e9tences, leurs exp\u00e9riences et leurs objectifs professionnels.<br \/><img decoding=\"async\" class=\"emoji emoji-small opacity-transition slow shown open\" draggable=\"false\" src=\"https:\/\/web.telegram.org\/a\/img-apple-64\/1f449.png\" alt=\"\ud83d\udc49\" data-path=\".\/img-apple-64\/1f449.png\" title=\"\u00c0 Propos de Nous\">\u00a0Les <strong data-entity-type=\"MessageEntityBold\">recruteurs<\/strong>\u00a0publient leurs offres, explorent des profils qualifi\u00e9s et peuvent matcher instantan\u00e9ment avec les bons talents.<br \/><br \/>JobySwipe rend le <strong data-entity-type=\"MessageEntityBold\">recrutement rapide, intuitif et accessible \u00e0 tous<\/strong>\u00a0\u2014 qu\u2019il s\u2019agisse d\u2019un jeune en qu\u00eate de son premier emploi, d\u2019un artisan, d\u2019un freelance ou d\u2019un cadre exp\u00e9riment\u00e9.<\/p>\t\t\t\t\t\t\t\t<\/div>\n\t\t\t\t<\/div>\n\t\t\t\t\t<\/div>\n\t\t<\/div>\n\t\t\t\t\t<\/div>\n\t\t<\/section>\n\t\t\t\t<section class=\"elementor-section elementor-top-section elementor-element elementor-element-750d46ef elementor-section-full_width elementor-section-height-default elementor-section-height-default\" data-id=\"750d46ef\" data-element_type=\"section\" data-settings=\"{&quot;background_background&quot;:&quot;classic&quot;}\">\n\t\t\t\t\t\t<div class=\"elementor-container elementor-column-gap-default\">\n\t\t\t\t\t<div class=\"elementor-column elementor-col-100 elementor-top-column elementor-element elementor-element-ce79bdd\" data-id=\"ce79bdd\" data-element_type=\"column\">\n\t\t\t<div class=\"elementor-widget-wrap elementor-element-populated\">\n\t\t\t\t\t\t<div class=\"elementor-element elementor-element-57bb62e elementor-pagination-position-outside elementor-widget elementor-widget-image-carousel\" data-id=\"57bb62e\" data-element_type=\"widget\" data-settings=\"{&quot;slides_to_show&quot;:&quot;3&quot;,&quot;navigation&quot;:&quot;dots&quot;,&quot;autoplay&quot;:&quot;yes&quot;,&quot;pause_on_hover&quot;:&quot;yes&quot;,&quot;pause_on_interaction&quot;:&quot;yes&quot;,&quot;autoplay_speed&quot;:5000,&quot;infinite&quot;:&quot;yes&quot;,&quot;speed&quot;:500,&quot;image_spacing_custom&quot;:{&quot;unit&quot;:&quot;px&quot;,&quot;size&quot;:20,&quot;sizes&quot;:[]},&quot;image_spacing_custom_tablet&quot;:{&quot;unit&quot;:&quot;px&quot;,&quot;size&quot;:&quot;&quot;,&quot;sizes&quot;:[]},&quot;image_spacing_custom_mobile&quot;:{&quot;unit&quot;:&quot;px&quot;,&quot;size&quot;:&quot;&quot;,&quot;sizes&quot;:[]}}\" data-widget_type=\"image-carousel.default\">\n\t\t\t\t<div class=\"elementor-widget-container\">\n\t\t\t\t\t\t\t<div class=\"elementor-image-carousel-wrapper swiper\" role=\"region\" aria-roledescription=\"carousel\" aria-label=\"Carrousel d\u2019images\" dir=\"ltr\">\n\t\t\t<div class=\"elementor-image-carousel swiper-wrapper swiper-image-stretch\" aria-live=\"off\">\n\t\t\t\t\t\t\t\t<div class=\"swiper-slide\" role=\"group\" aria-roledescription=\"slide\" aria-label=\"1 of 5\"><figure class=\"swiper-slide-inner\"><img decoding=\"async\" class=\"swiper-slide-image\" src=\"https:\/\/jobyswipe.com\/wp-content\/uploads\/2020\/11\/austin-distel-rxpThOwuVgE-unsplash.jpg\" alt=\"austin distel rxpthowuvge unsplash\" title=\"\u00c0 Propos de Nous\"><\/figure><\/div><div class=\"swiper-slide\" role=\"group\" aria-roledescription=\"slide\" aria-label=\"2 of 5\"><figure class=\"swiper-slide-inner\"><img decoding=\"async\" class=\"swiper-slide-image\" src=\"https:\/\/jobyswipe.com\/wp-content\/uploads\/2020\/11\/headway-5QgIuuBxKwM-unsplash.jpg\" alt=\"headway 5qgiuubxkwm unsplash\" title=\"\u00c0 Propos de Nous\"><\/figure><\/div><div class=\"swiper-slide\" role=\"group\" aria-roledescription=\"slide\" aria-label=\"3 of 5\"><figure class=\"swiper-slide-inner\"><img decoding=\"async\" class=\"swiper-slide-image\" src=\"https:\/\/jobyswipe.com\/wp-content\/uploads\/2020\/11\/nesa-by-makers-uAcoCc1dKiA-unsplash.jpg\" alt=\"nesa by makers uacocc1dkia unsplash\" title=\"\u00c0 Propos de Nous\"><\/figure><\/div><div class=\"swiper-slide\" role=\"group\" aria-roledescription=\"slide\" aria-label=\"4 of 5\"><figure class=\"swiper-slide-inner\"><img decoding=\"async\" class=\"swiper-slide-image\" src=\"https:\/\/jobyswipe.com\/wp-content\/uploads\/2020\/11\/austin-distel-gUIJ0YszPig-unsplash.jpg\" alt=\"austin distel guij0yszpig unsplash\" title=\"\u00c0 Propos de Nous\"><\/figure><\/div><div class=\"swiper-slide\" role=\"group\" aria-roledescription=\"slide\" aria-label=\"5 of 5\"><figure class=\"swiper-slide-inner\"><img decoding=\"async\" class=\"swiper-slide-image\" src=\"https:\/\/jobyswipe.com\/wp-content\/uploads\/2020\/11\/nesa-by-makers-IgUR1iX0mqM-unsplash.jpg\" alt=\"nesa by makers igur1ix0mqm unsplash\" title=\"\u00c0 Propos de Nous\"><\/figure><\/div>\t\t\t<\/div>\n\t\t\t\t\t\t\t\n\t\t\t\t\t\t\t\t\t<div class=\"swiper-pagination\"><\/div>\n\t\t\t\t\t\t\t\t\t<\/div>\n\t\t\t\t\t\t<\/div>\n\t\t\t\t<\/div>\n\t\t\t\t\t<\/div>\n\t\t<\/div>\n\t\t\t\t\t<\/div>\n\t\t<\/section>\n\t\t\t\t<section class=\"elementor-section elementor-top-section elementor-element elementor-element-324827a4 elementor-section-boxed elementor-section-height-default elementor-section-height-default\" data-id=\"324827a4\" data-element_type=\"section\">\n\t\t\t\t\t\t<div class=\"elementor-container elementor-column-gap-wide\">\n\t\t\t\t\t<div class=\"elementor-column elementor-col-50 elementor-top-column elementor-element elementor-element-27802cf3\" data-id=\"27802cf3\" data-element_type=\"column\">\n\t\t\t<div class=\"elementor-widget-wrap elementor-element-populated\">\n\t\t\t\t\t\t<div class=\"elementor-element elementor-element-3b2a3dd3 elementor-widget elementor-widget-heading\" data-id=\"3b2a3dd3\" data-element_type=\"widget\" data-widget_type=\"heading.default\">\n\t\t\t\t<div class=\"elementor-widget-container\">\n\t\t\t\t\t<h3 class=\"elementor-heading-title elementor-size-default\">Donner de la visibilit\u00e9 \u00e0 ceux qui n\u2019en ont pas<\/h3>\t\t\t\t<\/div>\n\t\t\t\t<\/div>\n\t\t\t\t<div class=\"elementor-element elementor-element-7b8b902f elementor-widget elementor-widget-text-editor\" data-id=\"7b8b902f\" data-element_type=\"widget\" data-widget_type=\"text-editor.default\">\n\t\t\t\t<div class=\"elementor-widget-container\">\n\t\t\t\t\t\t\t\t\t<p>Sma\u00efl et son \u00e9quipe partent d\u2019un principe fort :<br \/><br \/><strong data-entity-type=\"MessageEntityBold\">le talent ne d\u00e9pend pas d\u2019un CV, d\u2019un dipl\u00f4me ou d\u2019un r\u00e9seau.<\/strong><br \/><br \/>Beaucoup de personnes comp\u00e9tentes restent dans l\u2019ombre, simplement faute de visibilit\u00e9.<br \/>Avec JobySwipe, cette barri\u00e8re dispara\u00eet.<br \/><br \/>La plateforme permet \u00e0 chacun \u2014 jeunes, femmes, personnes en reconversion, artisans, freelances ou chercheurs d\u2019emploi \u2014 d\u2019\u00eatre <strong data-entity-type=\"MessageEntityBold\">vu, reconnu et contact\u00e9<\/strong>\u00a0par des recruteurs qui recherchent leur profil.<\/p>\t\t\t\t\t\t\t\t<\/div>\n\t\t\t\t<\/div>\n\t\t\t\t\t<\/div>\n\t\t<\/div>\n\t\t\t\t<div class=\"elementor-column elementor-col-50 elementor-top-column elementor-element elementor-element-75465899\" data-id=\"75465899\" data-element_type=\"column\">\n\t\t\t<div class=\"elementor-widget-wrap elementor-element-populated\">\n\t\t\t\t\t\t<div class=\"elementor-element elementor-element-750555f3 elementor-vertical-align-top elementor-widget elementor-widget-image-box\" data-id=\"750555f3\" data-element_type=\"widget\" data-widget_type=\"image-box.default\">\n\t\t\t\t<div class=\"elementor-widget-container\">\n\t\t\t\t\t<div class=\"elementor-image-box-wrapper\"><div class=\"elementor-image-box-content\"><h3 class=\"elementor-image-box-title\">Aider aussi les professionnels et les entreprises \u00e0 mieux recruter<\/h3><p class=\"elementor-image-box-description\">Mais JobySwipe ne s\u2019adresse pas uniquement aux candidats : elle a aussi \u00e9t\u00e9 pens\u00e9e pour r\u00e9pondre aux d\u00e9fis grandissants des entreprises et des recruteurs.<\/p><\/div><\/div>\t\t\t\t<\/div>\n\t\t\t\t<\/div>\n\t\t\t\t<div class=\"elementor-element elementor-element-2e4a7a7 elementor-vertical-align-top elementor-widget elementor-widget-image-box\" data-id=\"2e4a7a7\" data-element_type=\"widget\" data-widget_type=\"image-box.default\">\n\t\t\t\t<div class=\"elementor-widget-container\">\n\t\t\t\t\t<div class=\"elementor-image-box-wrapper\"><div class=\"elementor-image-box-content\"><p class=\"elementor-image-box-description\">Aujourd\u2019hui, beaucoup de professionnels RH, d\u2019entrepreneurs et de chefs d\u2019entreprise rencontrent de vraies difficult\u00e9s \u00e0 trouver des collaborateurs comp\u00e9tents et qualifi\u00e9s.<\/p><\/div><\/div>\t\t\t\t<\/div>\n\t\t\t\t<\/div>\n\t\t\t\t<div class=\"elementor-element elementor-element-f9f26b6 elementor-vertical-align-top elementor-widget elementor-widget-image-box\" data-id=\"f9f26b6\" data-element_type=\"widget\" data-widget_type=\"image-box.default\">\n\t\t\t\t<div class=\"elementor-widget-container\">\n\t\t\t\t\t<div class=\"elementor-image-box-wrapper\"><div class=\"elementor-image-box-content\"><p class=\"elementor-image-box-description\">Les canaux classiques de recrutement \u2014 annonces g\u00e9n\u00e9ralistes, r\u00e9seaux sociaux, sites d\u2019emploi traditionnels \u2014 sont souvent satur\u00e9s et ne garantissent plus la qualit\u00e9 ni la pertinence des candidatures re\u00e7ues.<\/p><\/div><\/div>\t\t\t\t<\/div>\n\t\t\t\t<\/div>\n\t\t\t\t<div class=\"elementor-element elementor-element-aba3424 elementor-vertical-align-top elementor-widget elementor-widget-image-box\" data-id=\"aba3424\" data-element_type=\"widget\" data-widget_type=\"image-box.default\">\n\t\t\t\t<div class=\"elementor-widget-container\">\n\t\t\t\t\t<div class=\"elementor-image-box-wrapper\"><div class=\"elementor-image-box-content\"><p class=\"elementor-image-box-description\">R\u00e9sultat : des centaines d\u2019entreprises se retrouvent \u00e0 \u201ctomber sur n\u2019importe quel profil\u201d, \u00e0 perdre un temps pr\u00e9cieux, et parfois \u00e0 recruter sans conviction.<\/p><\/div><\/div>\t\t\t\t<\/div>\n\t\t\t\t<\/div>\n\t\t\t\t\t<\/div>\n\t\t<\/div>\n\t\t\t\t\t<\/div>\n\t\t<\/section>\n\t\t\t\t<section class=\"elementor-section elementor-top-section elementor-element elementor-element-9da0fe9 elementor-section-full_width elementor-section-height-default elementor-section-height-default\" data-id=\"9da0fe9\" data-element_type=\"section\" data-settings=\"{&quot;background_background&quot;:&quot;classic&quot;}\">\n\t\t\t\t\t\t\t<div class=\"elementor-background-overlay\"><\/div>\n\t\t\t\t\t\t\t<div class=\"elementor-container elementor-column-gap-default\">\n\t\t\t\t\t<div class=\"elementor-column elementor-col-100 elementor-top-column elementor-element elementor-element-5d8110f\" data-id=\"5d8110f\" data-element_type=\"column\" data-settings=\"{&quot;background_background&quot;:&quot;classic&quot;}\">\n\t\t\t<div class=\"elementor-widget-wrap elementor-element-populated\">\n\t\t\t\t\t\t<div class=\"elementor-element elementor-element-c8d4a61 elementor-widget elementor-widget-heading\" data-id=\"c8d4a61\" data-element_type=\"widget\" data-widget_type=\"heading.default\">\n\t\t\t\t<div class=\"elementor-widget-container\">\n\t\t\t\t\t<h2 class=\"elementor-heading-title elementor-size-default\">Pr\u00eat \u00e0 trouver ton prochain<br> job ?<\/h2>\t\t\t\t<\/div>\n\t\t\t\t<\/div>\n\t\t\t\t<div data-premium-element-link=\"{&quot;type&quot;:&quot;url&quot;,&quot;link&quot;:{&quot;url&quot;:&quot;https:\\\/\\\/play.google.com\\\/store\\\/apps?hl=fr&quot;,&quot;is_external&quot;:&quot;&quot;,&quot;nofollow&quot;:&quot;&quot;,&quot;custom_attributes&quot;:&quot;&quot;},&quot;href&quot;:&quot;https:\\\/\\\/play.google.com\\\/store\\\/apps?hl=fr&quot;}\" style=\"cursor: pointer\" class=\"elementor-element elementor-element-e9277ef elementor-align-center premium-wrapper-link-yes elementor-widget elementor-widget-button\" data-id=\"e9277ef\" data-element_type=\"widget\" data-widget_type=\"button.default\">\n\t\t\t\t<div class=\"elementor-widget-container\">\n\t\t\t\t\t\t\t\t\t<div class=\"elementor-button-wrapper\">\n\t\t\t\t\t<a class=\"elementor-button elementor-button-link elementor-size-lg\" href=\"#\">\n\t\t\t\t\t\t<span class=\"elementor-button-content-wrapper\">\n\t\t\t\t\t\t\t\t\t<span class=\"elementor-button-text\">T\u00e9l\u00e9charger l'application<\/span>\n\t\t\t\t\t<\/span>\n\t\t\t\t\t<\/a>\n\t\t\t\t<\/div>\n\t\t\t\t\t\t\t\t<\/div>\n\t\t\t\t<\/div>\n\t\t\t\t\t<\/div>\n\t\t<\/div>\n\t\t\t\t\t<\/div>\n\t\t<\/section>\n\t\t\t\t<\/div>","protected":false},"excerpt":{"rendered":"<p>L\u2019HISTOIRE DE SMA\u00cfL &amp; JOBYSWIPE QUI SOMMES-NOUS Une mission n\u00e9e d\u2019un constat simple mais urgent Le march\u00e9 de l\u2019emploi au Maroc et dans le monde traverse une transformation profonde.Chaque jour, des milliers de jeunes dipl\u00f4m\u00e9s, de femmes, de personnes en reconversion et de travailleurs qualifi\u00e9s peinent \u00e0 trouver une opportunit\u00e9 correspondant \u00e0 leurs comp\u00e9tences et&#8230;<\/p>","protected":false},"author":1,"featured_media":0,"parent":0,"menu_order":0,"comment_status":"closed","ping_status":"closed","template":"","meta":{"_kadence_starter_templates_imported_post":true,"_kad_post_transparent":"","_kad_post_title":"hide","_kad_post_layout":"fullwidth","_kad_post_sidebar_id":"","_kad_post_content_style":"unboxed","_kad_post_vertical_padding":"hide","_kad_post_feature":"hide","_kad_post_feature_position":"","_kad_post_header":false,"_kad_post_footer":false,"footnotes":""},"class_list":["post-1575","page","type-page","status-publish","hentry"],"_hostinger_reach_plugin_has_subscription_block":false,"_hostinger_reach_plugin_is_elementor":false,"_links":{"self":[{"href":"https:\/\/jobyswipe.com\/ar\/wp-json\/wp\/v2\/pages\/1575","targetHints":{"allow":["GET"]}}],"collection":[{"href":"https:\/\/jobyswipe.com\/ar\/wp-json\/wp\/v2\/pages"}],"about":[{"href":"https:\/\/jobyswipe.com\/ar\/wp-json\/wp\/v2\/types\/page"}],"author":[{"embeddable":true,"href":"https:\/\/jobyswipe.com\/ar\/wp-json\/wp\/v2\/users\/1"}],"replies":[{"embeddable":true,"href":"https:\/\/jobyswipe.com\/ar\/wp-json\/wp\/v2\/comments?post=1575"}],"version-history":[{"count":23,"href":"https:\/\/jobyswipe.com\/ar\/wp-json\/wp\/v2\/pages\/1575\/revisions"}],"predecessor-version":[{"id":2896,"href":"https:\/\/jobyswipe.com\/ar\/wp-json\/wp\/v2\/pages\/1575\/revisions\/2896"}],"wp:attachment":[{"href":"https:\/\/jobyswipe.com\/ar\/wp-json\/wp\/v2\/media?parent=1575"}],"curies":[{"name":"wp","href":"https:\/\/api.w.org\/{rel}","templated":true}]}}